{"id":28,"date":"2012-04-18T14:26:01","date_gmt":"2012-04-18T21:26:01","guid":{"rendered":"http:\/\/www.littlebrowne.com\/?page_id=28"},"modified":"2012-04-18T14:26:01","modified_gmt":"2012-04-18T21:26:01","slug":"about-us","status":"publish","type":"page","link":"https:\/\/www.threeadventure.com\/littlebrowne\/about-us\/","title":{"rendered":"About Us"},"content":{"rendered":"<figure id=\"attachment_58\" aria-describedby=\"caption-attachment-58\" style=\"width: 300px\" class=\"wp-caption alignright\"><a href=\"https:\/\/www.threeadventure.com\/littlebrowne\/wp-content\/uploads\/sites\/4\/2012\/04\/4745_1043382375871_1564976603_91137_3743658_n.jpg\"><img loading=\"lazy\" decoding=\"async\" class=\"size-medium wp-image-58\" title=\"Matt&amp;Annie\" alt=\"Matt&amp;Annie\" src=\"https:\/\/www.threeadventure.com\/littlebrowne\/wp-content\/uploads\/sites\/4\/2012\/04\/4745_1043382375871_1564976603_91137_3743658_n-300x199.jpg\" width=\"300\" height=\"199\" \/><\/a><figcaption id=\"caption-attachment-58\" class=\"wp-caption-text\">Matt &amp; Annie<\/figcaption><\/figure>\n<p>&#8220;About Us\u00e2?\u009d pages suck and this will probably be no different. I\u00e2??m Matt and the ball and chain is Annie. We live in Paso Robles, CA. and drink a ton of wine and most likely cuss more than we should. Our little bundle of joy was born October 12, 2012 and we refer to him as Sammy\u00e2?\u00a6and a plethora of other stupid, cutesy (and sometimes not cutesy) baby names.<\/p>\n<p>We decided to start this blog back when we were pregnant because we have no idea what we\u00e2??re doing but we\u00e2??re opinionated and thought we\u00e2??d record this insane journey digitally. The coolest thing is that we have decided to have ONE child but all the other Earthlings think they know better than us and say we should have more. This will not happen\u00e2?\u00a6period.<\/p>\n<p>Other interesting tidbits:<\/p>\n<p>Annie is a CrossFitting engineer that loves to cook, eat healthy, drink wine (and Vodka or Gin), and stare adoringly at Matt.<\/p>\n<p>Matt is self employed (two businesses) and works from home to watch the baby roughly four days per week. He too loves to drink and is hoping to start traveling once the bundle o\u00e2?? joy is older.<\/p>\n<p>We are huge advocates of Paso Robles and love living here. Halfway between L.A. and S.F., close to the ocean as well as mountains and whatever else we need.<\/p>\n<p>So here\u00e2??s our journey\u00e2?\u00a6we\u00e2??ve jokingly called it the Grand Experiment\u00e2?\u00a6so buckle up.<\/p>\n","protected":false},"excerpt":{"rendered":"<p>&#8220;About Us\u00e2?\u009d pages suck and this will probably be no different. I\u00e2??m Matt and the ball and chain is Annie. We live in Paso Robles,&hellip;<\/p>\n","protected":false},"author":2,"featured_media":0,"parent":0,"menu_order":0,"comment_status":"open","ping_status":"open","template":"","meta":{"_genesis_hide_title":false,"_genesis_hide_breadcrumbs":false,"_genesis_hide_singular_image":false,"_genesis_hide_footer_widgets":false,"_genesis_custom_body_class":"","_genesis_custom_post_class":"","_genesis_layout":"","ngg_post_thumbnail":0,"episode_type":"","audio_file":"","cover_image":"","cover_image_id":"","duration":"","filesize":"","date_recorded":"","explicit":"","block":"","itunes_episode_number":"","itunes_title":"","itunes_season_number":"","itunes_episode_type":"","filesize_raw":"","footnotes":""},"class_list":{"0":"post-28","1":"page","2":"type-page","3":"status-publish","5":"entry","6":"has-post-thumbnail"},"yoast_head":"<!-- This site is optimized with the Yoast SEO plugin v26.5 - https:\/\/yoast.com\/wordpress\/plugins\/seo\/ -->\n<title>About Us - Little Browne<\/title>\n<meta name=\"robots\" content=\"index, follow, max-snippet:-1, max-image-preview:large, max-video-preview:-1\" \/>\n<link rel=\"canonical\" href=\"https:\/\/www.threeadventure.com\/littlebrowne\/about-us\/\" \/>\n<meta property=\"og:locale\" content=\"en_US\" \/>\n<meta property=\"og:type\" content=\"article\" \/>\n<meta property=\"og:title\" content=\"About Us - Little Browne\" \/>\n<meta property=\"og:description\" content=\"&#8220;About Us\u00e2?\u009d pages suck and this will probably be no different. I\u00e2??m Matt and the ball and chain is Annie. We live in Paso Robles,&hellip;\" \/>\n<meta property=\"og:url\" content=\"https:\/\/www.threeadventure.com\/littlebrowne\/about-us\/\" \/>\n<meta property=\"og:site_name\" content=\"Little Browne\" \/>\n<meta property=\"og:image\" content=\"https:\/\/www.threeadventure.com\/littlebrowne\/wp-content\/uploads\/sites\/4\/2012\/04\/4745_1043382375871_1564976603_91137_3743658_n-300x199.jpg\" \/>\n<meta name=\"twitter:card\" content=\"summary_large_image\" \/>\n<meta name=\"twitter:label1\" content=\"Est. reading time\" \/>\n\t<meta name=\"twitter:data1\" content=\"1 minute\" \/>\n<script type=\"application\/ld+json\" class=\"yoast-schema-graph\">{\"@context\":\"https:\/\/schema.org\",\"@graph\":[{\"@type\":\"WebPage\",\"@id\":\"https:\/\/www.threeadventure.com\/littlebrowne\/about-us\/\",\"url\":\"https:\/\/www.threeadventure.com\/littlebrowne\/about-us\/\",\"name\":\"About Us - Little Browne\",\"isPartOf\":{\"@id\":\"https:\/\/www.threeadventure.com\/littlebrowne\/#website\"},\"primaryImageOfPage\":{\"@id\":\"https:\/\/www.threeadventure.com\/littlebrowne\/about-us\/#primaryimage\"},\"image\":{\"@id\":\"https:\/\/www.threeadventure.com\/littlebrowne\/about-us\/#primaryimage\"},\"thumbnailUrl\":\"https:\/\/www.threeadventure.com\/littlebrowne\/wp-content\/uploads\/sites\/4\/2012\/04\/4745_1043382375871_1564976603_91137_3743658_n-300x199.jpg\",\"datePublished\":\"2012-04-18T21:26:01+00:00\",\"breadcrumb\":{\"@id\":\"https:\/\/www.threeadventure.com\/littlebrowne\/about-us\/#breadcrumb\"},\"inLanguage\":\"en-US\",\"potentialAction\":[{\"@type\":\"ReadAction\",\"target\":[\"https:\/\/www.threeadventure.com\/littlebrowne\/about-us\/\"]}]},{\"@type\":\"ImageObject\",\"inLanguage\":\"en-US\",\"@id\":\"https:\/\/www.threeadventure.com\/littlebrowne\/about-us\/#primaryimage\",\"url\":\"https:\/\/www.threeadventure.com\/littlebrowne\/wp-content\/uploads\/sites\/4\/2012\/04\/4745_1043382375871_1564976603_91137_3743658_n.jpg\",\"contentUrl\":\"https:\/\/www.threeadventure.com\/littlebrowne\/wp-content\/uploads\/sites\/4\/2012\/04\/4745_1043382375871_1564976603_91137_3743658_n.jpg\",\"width\":604,\"height\":402,\"caption\":\"Matt &amp; Annie\"},{\"@type\":\"BreadcrumbList\",\"@id\":\"https:\/\/www.threeadventure.com\/littlebrowne\/about-us\/#breadcrumb\",\"itemListElement\":[{\"@type\":\"ListItem\",\"position\":1,\"name\":\"Home\",\"item\":\"https:\/\/www.threeadventure.com\/littlebrowne\/\"},{\"@type\":\"ListItem\",\"position\":2,\"name\":\"About Us\"}]},{\"@type\":\"WebSite\",\"@id\":\"https:\/\/www.threeadventure.com\/littlebrowne\/#website\",\"url\":\"https:\/\/www.threeadventure.com\/littlebrowne\/\",\"name\":\"Little Browne\",\"description\":\"Let the Adventure Begin!\",\"potentialAction\":[{\"@type\":\"SearchAction\",\"target\":{\"@type\":\"EntryPoint\",\"urlTemplate\":\"https:\/\/www.threeadventure.com\/littlebrowne\/?s={search_term_string}\"},\"query-input\":{\"@type\":\"PropertyValueSpecification\",\"valueRequired\":true,\"valueName\":\"search_term_string\"}}],\"inLanguage\":\"en-US\"}]}<\/script>\n<!-- \/ Yoast SEO plugin. -->","yoast_head_json":{"title":"About Us - Little Browne","robots":{"index":"index","follow":"follow","max-snippet":"max-snippet:-1","max-image-preview":"max-image-preview:large","max-video-preview":"max-video-preview:-1"},"canonical":"https:\/\/www.threeadventure.com\/littlebrowne\/about-us\/","og_locale":"en_US","og_type":"article","og_title":"About Us - Little Browne","og_description":"&#8220;About Us\u00e2?\u009d pages suck and this will probably be no different. I\u00e2??m Matt and the ball and chain is Annie. We live in Paso Robles,&hellip;","og_url":"https:\/\/www.threeadventure.com\/littlebrowne\/about-us\/","og_site_name":"Little Browne","og_image":[{"url":"https:\/\/www.threeadventure.com\/littlebrowne\/wp-content\/uploads\/sites\/4\/2012\/04\/4745_1043382375871_1564976603_91137_3743658_n-300x199.jpg","type":"","width":"","height":""}],"twitter_card":"summary_large_image","twitter_misc":{"Est. reading time":"1 minute"},"schema":{"@context":"https:\/\/schema.org","@graph":[{"@type":"WebPage","@id":"https:\/\/www.threeadventure.com\/littlebrowne\/about-us\/","url":"https:\/\/www.threeadventure.com\/littlebrowne\/about-us\/","name":"About Us - Little Browne","isPartOf":{"@id":"https:\/\/www.threeadventure.com\/littlebrowne\/#website"},"primaryImageOfPage":{"@id":"https:\/\/www.threeadventure.com\/littlebrowne\/about-us\/#primaryimage"},"image":{"@id":"https:\/\/www.threeadventure.com\/littlebrowne\/about-us\/#primaryimage"},"thumbnailUrl":"https:\/\/www.threeadventure.com\/littlebrowne\/wp-content\/uploads\/sites\/4\/2012\/04\/4745_1043382375871_1564976603_91137_3743658_n-300x199.jpg","datePublished":"2012-04-18T21:26:01+00:00","breadcrumb":{"@id":"https:\/\/www.threeadventure.com\/littlebrowne\/about-us\/#breadcrumb"},"inLanguage":"en-US","potentialAction":[{"@type":"ReadAction","target":["https:\/\/www.threeadventure.com\/littlebrowne\/about-us\/"]}]},{"@type":"ImageObject","inLanguage":"en-US","@id":"https:\/\/www.threeadventure.com\/littlebrowne\/about-us\/#primaryimage","url":"https:\/\/www.threeadventure.com\/littlebrowne\/wp-content\/uploads\/sites\/4\/2012\/04\/4745_1043382375871_1564976603_91137_3743658_n.jpg","contentUrl":"https:\/\/www.threeadventure.com\/littlebrowne\/wp-content\/uploads\/sites\/4\/2012\/04\/4745_1043382375871_1564976603_91137_3743658_n.jpg","width":604,"height":402,"caption":"Matt &amp; Annie"},{"@type":"BreadcrumbList","@id":"https:\/\/www.threeadventure.com\/littlebrowne\/about-us\/#breadcrumb","itemListElement":[{"@type":"ListItem","position":1,"name":"Home","item":"https:\/\/www.threeadventure.com\/littlebrowne\/"},{"@type":"ListItem","position":2,"name":"About Us"}]},{"@type":"WebSite","@id":"https:\/\/www.threeadventure.com\/littlebrowne\/#website","url":"https:\/\/www.threeadventure.com\/littlebrowne\/","name":"Little Browne","description":"Let the Adventure Begin!","potentialAction":[{"@type":"SearchAction","target":{"@type":"EntryPoint","urlTemplate":"https:\/\/www.threeadventure.com\/littlebrowne\/?s={search_term_string}"},"query-input":{"@type":"PropertyValueSpecification","valueRequired":true,"valueName":"search_term_string"}}],"inLanguage":"en-US"}]}},"_links":{"self":[{"href":"https:\/\/www.threeadventure.com\/littlebrowne\/wp-json\/wp\/v2\/pages\/28","targetHints":{"allow":["GET"]}}],"collection":[{"href":"https:\/\/www.threeadventure.com\/littlebrowne\/wp-json\/wp\/v2\/pages"}],"about":[{"href":"https:\/\/www.threeadventure.com\/littlebrowne\/wp-json\/wp\/v2\/types\/page"}],"author":[{"embeddable":true,"href":"https:\/\/www.threeadventure.com\/littlebrowne\/wp-json\/wp\/v2\/users\/2"}],"replies":[{"embeddable":true,"href":"https:\/\/www.threeadventure.com\/littlebrowne\/wp-json\/wp\/v2\/comments?post=28"}],"version-history":[{"count":0,"href":"https:\/\/www.threeadventure.com\/littlebrowne\/wp-json\/wp\/v2\/pages\/28\/revisions"}],"wp:attachment":[{"href":"https:\/\/www.threeadventure.com\/littlebrowne\/wp-json\/wp\/v2\/media?parent=28"}],"curies":[{"name":"wp","href":"https:\/\/api.w.org\/{rel}","templated":true}]}}